{"id":387,"date":"2019-10-10T16:22:19","date_gmt":"2019-10-10T14:22:19","guid":{"rendered":"https:\/\/inovios.de\/impressum-datenschutzerklaerung\/"},"modified":"2020-10-30T14:40:57","modified_gmt":"2020-10-30T13:40:57","slug":"imprint-privacy","status":"publish","type":"page","link":"https:\/\/inovios.de\/en\/imprint-privacy\/","title":{"rendered":"Imprint \/ Privacy policy"},"content":{"rendered":"\n<p>Our website&#8217;s adress is: https:\/\/inovios.de.<\/p>\n\n\n\n<p><\/p>\n\n\n\n<h3 class=\"wp-block-heading\">INOVIOS Advisory GmbH<br>Kaiserswerther Stra\u00dfe 135<br>40474 D\u00fcsseldorf <\/h3>\n\n\n\n<p><strong>Authorized representatives: <\/strong><br>Dr. Bj\u00f6rn Harms<\/p>\n\n\n\n<p><strong>Contact:<\/strong> <br> Phone: +49 151 18563110<br> Mail:&nbsp;<a href=\"mailto:bjoern.harms@inovios.de\">bjoern.harms@inovios.de<\/a> <\/p>\n\n\n\n<p><strong>Commercial Register Number: <\/strong><br>Registergericht: AG D\u00fcsseldorf Registernummer: HRB: 91291 Umsatzsteuer-ID: DE325367793 Steuer-ID: 215\/5822\/4027 <\/p>\n\n\n\n<div style=\"height:44px\" aria-hidden=\"true\" class=\"wp-block-spacer\"><\/div>\n\n\n\n<h2 class=\"wp-block-heading\">Disclaimer<\/h2>\n\n\n\n<h3 class=\"wp-block-heading\">Liability for content<\/h3>\n\n\n\n<p>The content of our pages was created with greatest care. However, we cannot guarantee the correctness, completeness and actuality of the content. As a service provider we are responsible according to \u00a7 7 par.1 TMG for our own content on these pages after general laws. According to \u00a7\u00a7 8 to 10 TMG we are not obliged as a service provider to monitor transmitted or stored third-party information or to investigate circumstances that indicate illegal activity. Obligations to remove or block the use of information in accordance with general laws remain unaffected by this. However, liability in this respect is only possible from the time of knowledge of a concrete violation of the law. As soon as we become aware of such infringements, we will remove the content immediately.<\/p>\n\n\n\n<h3 class=\"wp-block-heading\">Liability for links<\/h3>\n\n\n\n<p>Our offer contains links to external websites of third parties, on whose contents we have no influence. Therefore, we cannot assume any liability for these external contents. The respective provider or operator of the pages is always responsible for the contents of the linked pages. The linked pages were checked for possible legal infringements at the time of linking. Illegal contents were not recognizable at the time of linking. A permanent control of the contents of the linked pages is not reasonable without concrete evidence of an infringement. As soon as we become aware of any legal infringements, we will remove such links immediately.<\/p>\n\n\n\n<h3 class=\"wp-block-heading\">Copyright<\/h3>\n\n\n\n<p>The contents and works on these pages created by the site operators are subject to German copyright law. Duplication, processing, distribution and any form of commercialization of such material beyond the scope of the copyright law shall require the prior written approval of its respective author or creator. Downloads and copies of these pages are only permitted for private, non-commercial use. Insofar as the content on this site was not created by the operator, the copyrights of third parties are respected. Contents of third parties are marked as such. Should you nevertheless become aware of a copyright infringement, please inform us accordingly. As soon as we become aware of any infringements, we will remove such content immediately.<\/p>\n\n\n\n<div style=\"height:44px\" aria-hidden=\"true\" class=\"wp-block-spacer\"><\/div>\n\n\n\n<h2 class=\"wp-block-heading\">Legal information<\/h2>\n\n\n\n<h3 class=\"wp-block-heading\">Copyright<\/h3>\n\n\n\n<p>All rights reserved. Images,\ntexts, graphics, sound, animations, videos and other works presented and\npublished on these websites as well as their arrangement are subject to the\ncopyright of&nbsp;<strong>INOVIOS<\/strong>.<\/p>\n\n\n\n<p>The transmission,\nreproduction, duplication, alteration and distribution of the content of these\nwebsites is prohibited without the express consent of&nbsp;<strong>INOVIOS<\/strong>.<\/p>\n\n\n\n<h3 class=\"wp-block-heading\">Legal information<\/h3>\n\n\n\n<p>INOVIOS&nbsp;takes great care in compiling these websites and updates them regularly. The information provided is for general information purposes only and is non-binding. They do not replace individual advice.&nbsp;INOVIOS&nbsp;therefore accepts no liability for the correctness, completeness and actuality of the information on these websites, including its own files for download, or for damage arising from the use of information. Since&nbsp;INOVIOS&nbsp;has no influence on the design and contents of the linked pages,&nbsp;INOVIOS&nbsp;expressly distances itself from all contents of all linked pages. This statement applies to all links and references set within the own Internet offer including the files for download. Therefore, any responsibility of&nbsp;INOVIOS&nbsp;for their content is excluded.&nbsp;INOVIOS&nbsp;does not assume any liability for the use of the information reproduced there and the compliance with data protection.<\/p>\n\n\n\n<p><\/p>\n\n\n\n<div style=\"height:44px\" aria-hidden=\"true\" class=\"wp-block-spacer\"><\/div>\n\n\n\n<h2 class=\"wp-block-heading\">Privacy<\/h2>\n\n\n\n<h3 class=\"wp-block-heading\">Collection of general information<\/h3>\n\n\n\n<p>When you access our website, information of general nature is automatically collected. These information (server log files) include, for example, the type of web browser, the operating system used, the domain name of your Internet service provider and the like. This exclusively concerns information that does not allow any conclusions to be drawn about your person. This information is technically necessary for the correct delivery of content requested by you from websites and is mandatory when using the Internet. Anonymous information of this kind is statistically evaluated by us in order to optimize our Internet presence and the technology behind it.<\/p>\n\n\n\n<h3 class=\"wp-block-heading\">Cookies<\/h3>\n\n\n\n<p>Like many other websites, we also use so-called\n\u201ccookies\u201d. Cookies are small text files that are transferred from a website\nserver to your hard drive. This automatically provides us with certain data\nsuch as IP address, browser used, operating system via your computer and your\nconnection to the Internet.<\/p>\n\n\n\n<p>Cookies cannot be used to start programs or transfer\nviruses to a computer. The information contained in cookies enables us to make\nnavigation easier for you and to display our web pages correctly.<\/p>\n\n\n\n<p>Under no circumstances will the data collected by us\nbe passed on to third parties or linked to personal data without your consent.<\/p>\n\n\n\n<p>Of course, you can also view our website without\ncookies. Internet browsers are regularly set to accept cookies. You can\ndeactivate the use of cookies at any time via the settings of your browser.\nPlease use the help functions of your Internet browser to find out how you can\nchange these settings. Please note that individual functions of our website may\nnot function if you have deactivated the use of cookies.<\/p>\n\n\n\n<h3 class=\"wp-block-heading\">SSL<\/h3>\n\n\n\n<p>In order to protect the security of your data during transmission, we use state-of-the-art encryption procedures (e.g. SSL) via HTTPS.<\/p>\n\n\n\n<h3 class=\"wp-block-heading\">Contact form<\/h3>\n\n\n\n<p>If you contact us by e-mail or contact form, the information you provide will be stored for the purpose of processing your inquiry and for possible follow-up questions.<\/p>\n\n\n\n<h3 class=\"wp-block-heading\">Deletion or blocking of data<\/h3>\n\n\n\n<p>We adhere to the principles of data avoidance and data economy. We therefore only store your personal data for as long as is necessary to achieve the purposes stated here or as provided for by the various storage periods provided for by law. After the respective purpose has ceased or these periods have expired, the corresponding data will be routinely blocked or deleted in accordance with the statutory provisions.<\/p>\n\n\n\n<h3 class=\"wp-block-heading\">Use of script libraries (Google Web Fonts)<\/h3>\n\n\n\n<p>In order to present our content correctly and\ngraphically appealing across all browsers, we use script libraries and font\nlibraries such as Google Web Fonts (<a href=\"http:\/\/www.google.com\/webfonts\/\">https:\/\/www.google.com\/webfonts\/<\/a>) on this website. Google Web Fonts are transferred to your browser\u2019s\ncache to avoid multiple loading. If the browser does not support Google Web\nFonts or does not allow access, content will be displayed in a standard font.\nCalling script libraries of font libraries automatically triggers a connection\nto the library operator.<\/p>\n\n\n\n<p>Calling script libraries or font libraries\nautomatically triggers a connection to the library operator. It is\ntheoretically possible \u2013 but currently also unclear whether and for what\npurposes \u2013 for the operators of such libraries to collect data.<\/p>\n\n\n\n<p>The privacy policy of the library operator Google can\nbe found here:&nbsp;<a href=\"https:\/\/www.google.com\/policies\/privacy\/\">https:\/\/www.google.com\/policies\/privacy\/<\/a><\/p>\n\n\n\n<h3 class=\"wp-block-heading\">Use of Google Maps<\/h3>\n\n\n\n<p>This website uses Google Maps API to visually display\ngeographic information. When Google Maps is used, Google also collects,\nprocesses and uses data relating to the use of map functions by visitors. For\nmore information about data processing by Google, please refer to the&nbsp;<a href=\"http:\/\/www.google.com\/privacypolicy.html\">Google Privacy\nNotice<\/a>. There you can also change your\npersonal data protection settings in the data protection center.<\/p>\n\n\n\n<p>Detailed instructions on how to manage your own data\nin connection with Google products can be&nbsp;<a href=\"http:\/\/www.dataliberation.org\/\">found here<\/a>.<\/p>\n\n\n\n<h3 class=\"wp-block-heading\">Publication of job advertisements \/ online job applications<\/h3>\n\n\n\n<p>Your application data will be collected and processed\nelectronically by us for the purpose of handling the application process. If\nyour application is followed by the conclusion of an employment contract, your\ndata may be stored by us in your personnel file for the purpose of the usual\norganizational and administrative process in compliance with the relevant legal\nregulations.<\/p>\n\n\n\n<p>If your job application is rejected, your data will be\ndeleted automatically two months after the rejection has been announced. This\ndoes not apply if longer storage is necessary due to legal requirements (e.g.\nthe duty of proof according to the General Equal Treatment Act) or if you have\nexpressly agreed to longer storage in our database of interested parties.<\/p>\n\n\n\n<p>Your rights to information, correction, blocking,\ndeletion and objection<\/p>\n\n\n\n<p>You have the right to receive information about your\npersonal data stored by us at any time. You also have the right to have your\npersonal data corrected, blocked or deleted, apart from the prescribed data\nstorage for business transactions. Please contact our data protection officer.\nYou will find the contact details at the bottom of this page.<\/p>\n\n\n\n<p>In order that a block of data can be considered at any\ntime, these data must be kept in a block file for control purposes. You can\nalso request the deletion of the data, unless there is a legal archiving\nobligation. If such an obligation exists, we will block your data on request.<\/p>\n\n\n\n<p>You can change or revoke your consent by notifying us\naccordingly with effect for the future.<\/p>\n\n\n\n<h3 class=\"wp-block-heading\">Changes to our privacy policy<\/h3>\n\n\n\n<p>We reserve the right to occasionally amend this policy so that it always complies with current legal requirements or in order to implement changes to our services in the policy, e.g. when introducing new services. Your renewed visit will then be subject to the new policy.<\/p>\n\n\n\n<h3 class=\"wp-block-heading\">Questions to the privacy officer<\/h3>\n\n\n\n<p>If you have any questions about data protection, please send us an e-mail or contact our data protection officer directly:<\/p>\n\n\n\n<h3 class=\"wp-block-heading\">Address<\/h3>\n\n\n\n<p>INOVIOS Advisory GmbH<br>Kaiserswerther Stra\u00dfe 135<br>40474 D\u00fcsseldorf<\/p>\n\n\n\n<p><a href=\"http:\/\/href=mailto:&quot;info@inovios.de&quot;>info@inovios.de&#8221; target=&#8221;_blank&#8221; rel=&#8221;noreferrer noopener&#8221; aria-label=&#8221;info@inovios.de (\u00f6ffnet in neuem Tab)&#8221;>info@inovios.de<\/a><\/p>\n\n\n\n<h3 class=\"wp-block-heading\">No warning without prior contact.<\/h3>\n\n\n\n<p>Should this website, the content presented in it as\nwell as agreements or processing activities carried out by us violate the\nrights of third parties or statutory provisions due to their content or design,\nplease notify us. We promise immediate remedy. You will receive a reply within\nfive working days.<\/p>\n\n\n\n<p>The involvement of a lawyer is therefore \u2013 according\nto \u00a7\u00a7 249, 254 BGB \u2013 initially not necessary. Costs incurred without prior contact will not\nbe refunded.<\/p>\n","protected":false},"excerpt":{"rendered":"<p>Our website&#8217;s adress is: https:\/\/inovios.de. INOVIOS Advisory GmbHKaiserswerther Stra\u00dfe 13540474 D\u00fcsseldorf Authorized representatives: Dr. Bj\u00f6rn Harms Contact: Phone: +49 151 18563110 Mail:&nbsp;bjoern.harms@inovios.de Commercial Register Number: Registergericht:<span class=\"excerpt-hellip\"> [\u2026]<\/span><\/p>\n","protected":false},"author":1,"featured_media":0,"parent":0,"menu_order":0,"comment_status":"closed","ping_status":"open","template":"","meta":{"footnotes":""},"class_list":["post-387","page","type-page","status-publish","hentry"],"_links":{"self":[{"href":"https:\/\/inovios.de\/en\/wp-json\/wp\/v2\/pages\/387","targetHints":{"allow":["GET"]}}],"collection":[{"href":"https:\/\/inovios.de\/en\/wp-json\/wp\/v2\/pages"}],"about":[{"href":"https:\/\/inovios.de\/en\/wp-json\/wp\/v2\/types\/page"}],"author":[{"embeddable":true,"href":"https:\/\/inovios.de\/en\/wp-json\/wp\/v2\/users\/1"}],"replies":[{"embeddable":true,"href":"https:\/\/inovios.de\/en\/wp-json\/wp\/v2\/comments?post=387"}],"version-history":[{"count":4,"href":"https:\/\/inovios.de\/en\/wp-json\/wp\/v2\/pages\/387\/revisions"}],"predecessor-version":[{"id":401,"href":"https:\/\/inovios.de\/en\/wp-json\/wp\/v2\/pages\/387\/revisions\/401"}],"wp:attachment":[{"href":"https:\/\/inovios.de\/en\/wp-json\/wp\/v2\/media?parent=387"}],"curies":[{"name":"wp","href":"https:\/\/api.w.org\/{rel}","templated":true}]}}